{"id":28,"date":"2020-04-03T08:23:36","date_gmt":"2020-04-03T08:23:36","guid":{"rendered":"http:\/\/zimmerei-nikolaus-fischer.de\/?page_id=28"},"modified":"2023-01-23T08:21:24","modified_gmt":"2023-01-23T08:21:24","slug":"sanierung","status":"publish","type":"page","link":"http:\/\/zimmerei-nikolaus-fischer.de\/?page_id=28","title":{"rendered":"Sanierung"},"content":{"rendered":"\n<blockquote class=\"wp-block-quote is-layout-flow wp-block-quote-is-layout-flow\">\n<p><strong>Auch das beste Bauwerk ben\u00f6tigt Pflege.<\/strong><br><br>Wir bieten Ihnen die passende L\u00f6sung von energetischer Sanierung \u00fcber Grunderneuerung der Au\u00dfenh\u00fclle bis hin zu neuen Tageslichtkonzepten.<br>Um Ihnen gegebenenfalls ein Rundumpaket bieten zu k\u00f6nnen arbeiten wir auch eng mit anderen Gewerken und Partnern zusammen.<br>Gerne entwickeln wir mit Ihnen zusammen Ihr ma\u00dfgeschneidertes Sanierungskonzept.<\/p>\n<\/blockquote>\n\n\n\n<figure class=\"wp-block-image size-large\"><img loading=\"lazy\" decoding=\"async\" width=\"832\" height=\"1024\" src=\"http:\/\/zimmerei-nikolaus-fischer.de\/wp-content\/uploads\/2020\/09\/Sanierung01-832x1024.jpg\" alt=\"\" class=\"wp-image-77\"\/><\/figure>\n\n\n\n<figure class=\"wp-block-image size-large is-resized\"><img loading=\"lazy\" decoding=\"async\" src=\"http:\/\/zimmerei-nikolaus-fischer.de\/wp-content\/uploads\/2022\/07\/20200721_132406-768x1024.jpg\" alt=\"\" class=\"wp-image-96\" width=\"833\" height=\"1111\" srcset=\"http:\/\/zimmerei-nikolaus-fischer.de\/wp-content\/uploads\/2022\/07\/20200721_132406-768x1024.jpg 768w, http:\/\/zimmerei-nikolaus-fischer.de\/wp-content\/uploads\/2022\/07\/20200721_132406-225x300.jpg 225w, http:\/\/zimmerei-nikolaus-fischer.de\/wp-content\/uploads\/2022\/07\/20200721_132406-1152x1536.jpg 1152w, http:\/\/zimmerei-nikolaus-fischer.de\/wp-content\/uploads\/2022\/07\/20200721_132406-1536x2048.jpg 1536w, http:\/\/zimmerei-nikolaus-fischer.de\/wp-content\/uploads\/2022\/07\/20200721_132406-scaled.jpg 1920w\" sizes=\"auto, (max-width: 833px) 100vw, 833px\" \/><\/figure>\n\n\n\n<figure class=\"wp-block-image size-large\"><img loading=\"lazy\" decoding=\"async\" width=\"1024\" height=\"768\" src=\"http:\/\/zimmerei-nikolaus-fischer.de\/wp-content\/uploads\/2022\/07\/20200730_215849-1024x768.jpg\" alt=\"\" class=\"wp-image-97\" srcset=\"http:\/\/zimmerei-nikolaus-fischer.de\/wp-content\/uploads\/2022\/07\/20200730_215849-1024x768.jpg 1024w, http:\/\/zimmerei-nikolaus-fischer.de\/wp-content\/uploads\/2022\/07\/20200730_215849-300x225.jpg 300w, http:\/\/zimmerei-nikolaus-fischer.de\/wp-content\/uploads\/2022\/07\/20200730_215849-768x576.jpg 768w, http:\/\/zimmerei-nikolaus-fischer.de\/wp-content\/uploads\/2022\/07\/20200730_215849-1536x1152.jpg 1536w, http:\/\/zimmerei-nikolaus-fischer.de\/wp-content\/uploads\/2022\/07\/20200730_215849-2048x1536.jpg 2048w\" sizes=\"auto, (max-width: 1024px) 100vw, 1024px\" \/><\/figure>\n","protected":false},"excerpt":{"rendered":"<p>Auch das beste Bauwerk ben\u00f6tigt Pflege. Wir bieten Ihnen die passende L\u00f6sung von energetischer Sanierung \u00fcber Grunderneuerung der Au\u00dfenh\u00fclle bis hin zu neuen Tageslichtkonzepten.Um Ihnen gegebenenfalls ein Rundumpaket bieten zu k\u00f6nnen arbeiten wir auch eng mit anderen Gewerken und Partnern zusammen.Gerne entwickeln wir mit Ihnen zusammen Ihr ma\u00dfgeschneidertes Sanierungskonzept.<\/p>\n","protected":false},"author":1,"featured_media":0,"parent":0,"menu_order":5,"comment_status":"closed","ping_status":"closed","template":"","meta":{"footnotes":""},"class_list":["post-28","page","type-page","status-publish","hentry"],"_links":{"self":[{"href":"http:\/\/zimmerei-nikolaus-fischer.de\/index.php?rest_route=\/wp\/v2\/pages\/28","targetHints":{"allow":["GET"]}}],"collection":[{"href":"http:\/\/zimmerei-nikolaus-fischer.de\/index.php?rest_route=\/wp\/v2\/pages"}],"about":[{"href":"http:\/\/zimmerei-nikolaus-fischer.de\/index.php?rest_route=\/wp\/v2\/types\/page"}],"author":[{"embeddable":true,"href":"http:\/\/zimmerei-nikolaus-fischer.de\/index.php?rest_route=\/wp\/v2\/users\/1"}],"replies":[{"embeddable":true,"href":"http:\/\/zimmerei-nikolaus-fischer.de\/index.php?rest_route=%2Fwp%2Fv2%2Fcomments&post=28"}],"version-history":[{"count":7,"href":"http:\/\/zimmerei-nikolaus-fischer.de\/index.php?rest_route=\/wp\/v2\/pages\/28\/revisions"}],"predecessor-version":[{"id":105,"href":"http:\/\/zimmerei-nikolaus-fischer.de\/index.php?rest_route=\/wp\/v2\/pages\/28\/revisions\/105"}],"wp:attachment":[{"href":"http:\/\/zimmerei-nikolaus-fischer.de\/index.php?rest_route=%2Fwp%2Fv2%2Fmedia&parent=28"}],"curies":[{"name":"wp","href":"https:\/\/api.w.org\/{rel}","templated":true}]}}